{"id":2,"date":"2016-05-10T03:48:21","date_gmt":"2016-05-10T03:48:21","guid":{"rendered":"http:\/\/aleastockholm.se\/?page_id=2"},"modified":"2022-01-21T12:28:44","modified_gmt":"2022-01-21T12:28:44","slug":"sample-page","status":"publish","type":"page","link":"https:\/\/aleastockholm.se\/","title":{"rendered":"ALEA Stockholm AB"},"content":{"rendered":"\n<p>ALEA Stockholm AB startades av mig, byggnadsingenj\u00f6r Munib Corhodza som har varit verksam i byggnadsbranschen i 30 \u00e5r. Under \u00e5ren har jag deltagit av m\u00e5nga byggprojekt b\u00e5de inom landet och utomlands. De senaste 15 \u00e5ren har jag arbetat f\u00f6r olika byggf\u00f6retag i Sverige i olika ledande befattningar. Under senare tid har det blivit tydligt f\u00f6r mig att akt\u00f6rer inom byggbranschen l\u00e4gger ner stora anstr\u00e4ngningar och kostnader f\u00f6r att l\u00e4mna ett anbud p\u00e5 projekt, eller f\u00f6r att ta reda p\u00e5 kostnaderna f\u00f6r framtida projekt vilket gav upphov till id\u00e9n om f\u00f6retaget ALEA Stockholm AB.<br>ALEA Stockholm AB hj\u00e4lper byggf\u00f6retag i hela processen f\u00f6r att anbudsinl\u00e4mning ska ske p\u00e5 ett systematiskt s\u00e4tt. Vi kan g\u00f6ra m\u00e4ngdber\u00e4kningar, utskick och sammanst\u00e4llningar vid f\u00f6rfr\u00e5gan av underentrepren\u00f6rer, netto-, offert- och omkostnadskalkyler, f\u00f6r att f\u00e5r en f\u00e4rdig anbudssumma. Vi kan hj\u00e4lpa fastighets\u00e4gare, bostadsf\u00f6rening, f\u00f6rs\u00e4kringsbolag att r\u00e4kna ut hur mycket det framtida projektet, renovering eller ombyggnation kommer att kosta.<br>Vi erbjuder projektledning inom bygg med strukturerad dokumenthantering.<\/p>\n\n\n\n<div class=\"wp-block-columns is-layout-flex wp-container-3\">\n<div class=\"wp-block-column is-layout-flow\">\n<h4 class=\"wp-block-heading\">Tj\u00e4nster<\/h4>\n\n\n\n<p>M\u00e4ngdber\u00e4kningar<br>Vi jobbar med Geometra som ett kraftfullt projekt- och m\u00e4ngdber\u00e4kningsverktyg<\/p>\n\n\n\n<h4 class=\"wp-block-heading\">Kalkyler<\/h4>\n\n\n\n<p>Kalkylverktyg Bidcon med en strukturerad och detaljerad kalkyl<\/p>\n\n\n\n<h4 class=\"wp-block-heading\">Anbud<\/h4>\n\n\n\n<p>Enligt kundens beh\u00f6v<\/p>\n<\/div>\n\n\n\n<div class=\"wp-block-column is-layout-flow\">\n<div class=\"wp-block-image\"><figure class=\"alignright size-full\"><img decoding=\"async\" loading=\"lazy\" width=\"330\" height=\"196\" src=\"http:\/\/aleastockholm.se\/wp-content\/uploads\/2022\/01\/kalkyl.jpg\" alt=\"\" class=\"wp-image-47\" srcset=\"https:\/\/aleastockholm.se\/wp-content\/uploads\/2022\/01\/kalkyl.jpg 330w, https:\/\/aleastockholm.se\/wp-content\/uploads\/2022\/01\/kalkyl-300x178.jpg 300w\" sizes=\"(max-width: 330px) 100vw, 330px\" \/><\/figure><\/div>\n<\/div>\n<\/div>\n\n\n\n<h2 class=\"wp-block-heading\">Projektledning<\/h2>\n\n\n\n<figure class=\"wp-block-image size-large is-resized\"><img decoding=\"async\" loading=\"lazy\" src=\"http:\/\/aleastockholm.se\/wp-content\/uploads\/2022\/01\/projekt-1024x436.jpg\" alt=\"\" class=\"wp-image-48\" width=\"465\" height=\"197\" srcset=\"https:\/\/aleastockholm.se\/wp-content\/uploads\/2022\/01\/projekt-1024x436.jpg 1024w, https:\/\/aleastockholm.se\/wp-content\/uploads\/2022\/01\/projekt-300x128.jpg 300w, https:\/\/aleastockholm.se\/wp-content\/uploads\/2022\/01\/projekt-768x327.jpg 768w, https:\/\/aleastockholm.se\/wp-content\/uploads\/2022\/01\/projekt.jpg 1209w\" sizes=\"(max-width: 465px) 100vw, 465px\" \/><\/figure>\n\n\n\n<p>Vi har de relevanta utbildningar som \u00e4r ett krav inom byggbranschen:<br>\u2022 Arbetsmilj\u00f6ansvar BAS-U och BAS-P<br>\u2022 BF9K; Certifierad anbudsgivare<br>\u2022 Entreprenadjuridik<br>\u2022 ESPD<br>\u2022 Fukts\u00e4kerhet<br>\u2022 LOU<br>\u2022 Milj\u00f6ansvar<br>\u2022 PBL kontrollansvarig.<\/p>\n\n\n\n<p>Projektet kan hanteras i BYGGsamordaren eller i ett annat system f\u00f6r att f\u00e5 en strukturerad dokumenthantering.<\/p>\n\n\n\n<p><\/p>\n","protected":false},"excerpt":{"rendered":"<p>ALEA Stockholm AB startades av mig, byggnadsingenj\u00f6r Munib Corhodza som har varit verksam i byggnadsbranschen i 30 \u00e5r. Under \u00e5ren har jag deltagit av m\u00e5nga byggprojekt&#46;&#46;&#46;<\/p>\n","protected":false},"author":1,"featured_media":0,"parent":0,"menu_order":0,"comment_status":"closed","ping_status":"open","template":"","meta":[],"_links":{"self":[{"href":"https:\/\/aleastockholm.se\/index.php?rest_route=\/wp\/v2\/pages\/2"}],"collection":[{"href":"https:\/\/aleastockholm.se\/index.php?rest_route=\/wp\/v2\/pages"}],"about":[{"href":"https:\/\/aleastockholm.se\/index.php?rest_route=\/wp\/v2\/types\/page"}],"author":[{"embeddable":true,"href":"https:\/\/aleastockholm.se\/index.php?rest_route=\/wp\/v2\/users\/1"}],"replies":[{"embeddable":true,"href":"https:\/\/aleastockholm.se\/index.php?rest_route=%2Fwp%2Fv2%2Fcomments&post=2"}],"version-history":[{"count":6,"href":"https:\/\/aleastockholm.se\/index.php?rest_route=\/wp\/v2\/pages\/2\/revisions"}],"predecessor-version":[{"id":72,"href":"https:\/\/aleastockholm.se\/index.php?rest_route=\/wp\/v2\/pages\/2\/revisions\/72"}],"wp:attachment":[{"href":"https:\/\/aleastockholm.se\/index.php?rest_route=%2Fwp%2Fv2%2Fmedia&parent=2"}],"curies":[{"name":"wp","href":"https:\/\/api.w.org\/{rel}","templated":true}]}}